{"id":1795,"date":"2023-12-28T15:06:40","date_gmt":"2023-12-28T07:06:40","guid":{"rendered":"https:\/\/www.ihumico.com\/?page_id=1795"},"modified":"2023-12-28T15:07:13","modified_gmt":"2023-12-28T07:07:13","slug":"termos-e-condicoes","status":"publish","type":"page","link":"https:\/\/www.ihumico.com\/pt\/termos-e-condicoes\/","title":{"rendered":"Termos e Condi\u00e7\u00f5es"},"content":{"rendered":"<h3 style=\"text-align: center; margin-top: 20px; margin-bottom: 10px;\">Termos e Condi\u00e7\u00f5es<\/h3>\n<p>Obrigado por visitar este site. Por favor, certifique-se de ler atentamente os termos e condi\u00e7\u00f5es contidos neste documento, pois qualquer uso deste site significa que voc\u00ea aceitou os termos e condi\u00e7\u00f5es listados aqui.<\/p>\n<p>As refer\u00eancias neste site a \u201cn\u00f3s\u201d, \u201cnosso\u201d etc. referem-se a HUMICO. e qualquer uma de suas subsidi\u00e1rias. Qualquer refer\u00eancia a este site neste site refere-se a qualquer pessoa que entre em contato e\/ou utilize este site.<\/p>\n<p><strong>Aviso de privacidade do site<\/strong>Todas as informa\u00e7\u00f5es pessoais ou transmitidas a este site est\u00e3o sujeitas \u00e0 pol\u00edtica de privacidade de prote\u00e7\u00e3o de privacidade e dados pessoais da HUMICO conforme estabelecido neste site.<\/p>\n<p><strong>Corre\u00e7\u00e3o, integridade e atualidade das informa\u00e7\u00f5es<\/strong>N\u00e3o nos responsabilizamos pela exatid\u00e3o e integridade das informa\u00e7\u00f5es contidas no site. Toda a confian\u00e7a nos materiais deste site \u00e9 por sua conta e risco. Voc\u00ea concorda em ser respons\u00e1vel por quaisquer altera\u00e7\u00f5es nas informa\u00e7\u00f5es e informa\u00e7\u00f5es deste site.<\/p>\n<p><strong>Transmiss\u00e3o<\/strong>Todas as comunica\u00e7\u00f5es ou materiais n\u00e3o pessoais que voc\u00ea transmite ao Site por e-mail ou de outra forma, incluindo todos os materiais, perguntas, coment\u00e1rios, sugest\u00f5es ou outro conte\u00fado semelhante, s\u00e3o considerados n\u00e3o confidenciais e n\u00e3o privados. Todo o conte\u00fado transmitido ou postado por voc\u00ea no Site \u00e9 propriedade da HUMICO e pode ser usado para qualquer finalidade, incluindo, entre outros, reprodu\u00e7\u00e3o, divulga\u00e7\u00e3o, transmiss\u00e3o, distribui\u00e7\u00e3o, difus\u00e3o e postagem. Al\u00e9m disso, qualquer uma de suas ideias, obras de arte, ideias, inspira\u00e7\u00f5es, sugest\u00f5es ou conceitos transmitidos a este site, HUMICO \u00e9 gratuito para uso para diversos fins (incluindo, entre outros, desenvolvimento de produto, produ\u00e7\u00e3o, promo\u00e7\u00e3o e marketing). Todos os usos relacionados acima, HUMICO n\u00e3o se responsabiliza pelo fornecimento de informa\u00e7\u00f5es. Ao fornecer informa\u00e7\u00f5es, voc\u00ea tamb\u00e9m garante que as informa\u00e7\u00f5es fornecidas por voc\u00ea s\u00e3o de sua propriedade e n\u00e3o ser\u00e3o envolvidas, e HUMICO n\u00e3o infringir\u00e1 os direitos de terceiros ou de outra forma nos violar\u00e1 ao usar as informa\u00e7\u00f5es. Qualquer lei aplic\u00e1vel. O HUMICO tamb\u00e9m n\u00e3o \u00e9 obrigado a utilizar as informa\u00e7\u00f5es submetidas.<\/p>\n<p><strong>Direito de propriedade intelectual<\/strong>\u00ae O titular da marca registrada \u00e9 HUMICO. O HUMICO reserva todos os direitos.<\/p>\n<p>Os direitos autorais, marcas registradas e outros direitos de propriedade intelectual de todos os textos, imagens e outros materiais deste site s\u00e3o propriedade da HUMICO ou s\u00e3o licenciados pelo propriet\u00e1rio relevante.<\/p>\n<p>Voc\u00ea tem permiss\u00e3o para acessar este site, copiar trechos (refer\u00eancias), imprimi-los em seu disco r\u00edgido ou encaminh\u00e1-los para terceiros. O \u00fanico pr\u00e9-requisito \u00e9 que voc\u00ea retenha todos os direitos autorais, outros avisos de propriedade e avisos de marca registrada que aparecem na c\u00f3pia. A reprodu\u00e7\u00e3o de qualquer parte do site n\u00e3o poder\u00e1 ser vendida ou distribu\u00edda comercialmente, nem poder\u00e1 ser modificada ou adicionada a outras obras, publica\u00e7\u00f5es ou sites.<\/p>\n<p>As marcas registradas, logotipos, fontes e marcas de servi\u00e7o (coletivamente denominadas \u201cmarcas registradas\u201d) que aparecem neste site s\u00e3o propriedade da HUMICO. Nada neste site pode ser considerado como uma concess\u00e3o de licen\u00e7a ou uso de qualquer uma das marcas registradas que aparecem neste site. Exceto conforme disposto nestes Termos e Condi\u00e7\u00f5es, voc\u00ea est\u00e1 estritamente proibido de usar as marcas registradas que aparecem neste site ou qualquer outro conte\u00fado deste site. Voc\u00ea tamb\u00e9m deve observar que o HUMICO implementar\u00e1 integralmente seus direitos de propriedade intelectual diretamente ao n\u00edvel legal m\u00e1ximo.<\/p>\n<p><strong>Link para outros sites<\/strong>Os links no site HUMICO podem levar voc\u00ea a redes e sistemas que n\u00e3o sejam HUMICO. HUMICO n\u00e3o \u00e9 respons\u00e1vel por seu conte\u00fado, precis\u00e3o ou funcionalidade. O link fornecido de boa f\u00e9 e a HUMICO n\u00e3o se responsabiliza por quaisquer altera\u00e7\u00f5es subsequentes no site vinculado. Colocar outros sites nos links n\u00e3o significa que o HUMICO os reconhe\u00e7a. Recomendamos fortemente que voc\u00ea leia e compreenda os avisos legais e de privacidade em todos os outros sites que voc\u00ea navegar.<\/p>\n<p>Use este site por sua pr\u00f3pria conta e risco.<\/p>\n<p><strong>Garantia<\/strong>Este site fornece uma base \u201ccomo est\u00e1\u201d e \u201cconforme dispon\u00edvel\u201d, e HUMICO n\u00e3o fornece qualquer forma de garantia, seja expressa, impl\u00edcita, legal ou de outra forma (incluindo garantias impl\u00edcitas de venda comercial). Sexo, qualidade satisfat\u00f3ria e aplicabilidade para um fim espec\u00edfico), incluindo garantia ou representa\u00e7\u00e3o de que as informa\u00e7\u00f5es no site ser\u00e3o completas, precisas, confi\u00e1veis, oportunas, n\u00e3o violar\u00e3o direitos de terceiros, o acesso a este site ser\u00e1 desimpedido ou haver\u00e1 n\u00e3o haja erros no site. E o v\u00edrus, este site ser\u00e1 seguro, e qualquer conselho ou conselho do site para obter HUMICO \u00e9 preciso ou confi\u00e1vel. Qualquer representa\u00e7\u00e3o ou garantia \u00e9 expressamente negada.<\/p>\n<p>Observe que algumas jurisdi\u00e7\u00f5es n\u00e3o permitem a exclus\u00e3o de garantias impl\u00edcitas; portanto, algumas exclus\u00f5es podem n\u00e3o se aplicar a voc\u00ea. Verifique as leis locais.<\/p>\n<p>Reservamo-nos o direito de limitar, suspender ou encerrar o seu acesso a este site ou a qualquer recurso deste site a qualquer momento, sem aviso pr\u00e9vio.<\/p>\n<p><strong>Responsabilidade legal<\/strong>Qualquer que seja o motivo e devido ao seu contacto, utiliza\u00e7\u00e3o, impossibilidade de utiliza\u00e7\u00e3o deste website, altera\u00e7\u00f5es ao conte\u00fado do website, ou acesso a qualquer outro website devido aos links fornecidos por este website, ou na medida permitida pela lei aplic\u00e1vel ou devido para mensagens de e-mail enviadas a n\u00f3s por n\u00f3s Qualquer a\u00e7\u00e3o tomada ou n\u00e3o por n\u00f3s, seja por danos diretos, incidentais, consequenciais, indiretos, especiais ou punitivos, custos, perdas ou responsabilidades, HUMICO e\/ou outras partes envolvidas na cria\u00e7\u00e3o, produ\u00e7\u00e3o ou representa\u00e7\u00e3o nossa A pessoa do site n\u00e3o assume qualquer responsabilidade ou obriga\u00e7\u00e3o legal.<\/p>\n<p>HUMICO e\/ou outras pessoas envolvidas na cria\u00e7\u00e3o, produ\u00e7\u00e3o ou transmiss\u00e3o deste site n\u00e3o s\u00e3o respons\u00e1veis pela manuten\u00e7\u00e3o material e presta\u00e7\u00e3o de servi\u00e7os deste site ou por quaisquer corre\u00e7\u00f5es, atualiza\u00e7\u00f5es ou postagens relacionadas a este site. Quaisquer materiais neste site est\u00e3o sujeitos a altera\u00e7\u00f5es sem aviso pr\u00e9vio.<\/p>\n<p>Al\u00e9m disso, HUMICO n\u00e3o tem qualquer responsabilidade por quaisquer danos que possam resultar na infec\u00e7\u00e3o do seu equipamento inform\u00e1tico ou outra propriedade com o v\u00edrus como resultado do uso, acesso ou download de qualquer material deste site. Se voc\u00ea optar por baixar materiais deste site, voc\u00ea o far\u00e1 por sua pr\u00f3pria conta e risco.<\/p>\n<p><strong>Atividade Proibida<\/strong>Voc\u00ea est\u00e1 proibido de se envolver em qualquer ato que HUMICO seja considerado inapropriado e\/ou ser\u00e1 considerado ilegal a seu exclusivo crit\u00e9rio ou proibido por qualquer lei aplic\u00e1vel ao Site, incluindo, mas n\u00e3o se limitando a:<\/p>\n<p>Qualquer ato que possa constituir uma viola\u00e7\u00e3o da privacidade (incluindo o carregamento de dados pessoais sem o consentimento da pessoa em causa) ou dos direitos legais de qualquer outro indiv\u00edduo;<\/p>\n<p>Uso deste site para destruir ou prejudicar o HUMICO, seus funcion\u00e1rios ou outros ou para prejudicar a boa reputa\u00e7\u00e3o do HUMICO desta forma; Carregar um arquivo contendo v\u00edrus e causando danos \u00e0 propriedade do HUMICO ou outros bens pessoais;<\/p>\n<p>Publicar ou transmitir qualquer material n\u00e3o autorizado para o Site, incluindo, mas n\u00e3o se limitando a sistemas ou seguran\u00e7a cibern\u00e9tica, racismo, racismo, obscenidade, que acreditamos poder causar inc\u00f4modo, desvantagem ou viola\u00e7\u00e3o de HUMICO ou de empresas de terceiros, material amea\u00e7ador, pornogr\u00e1fico ou outro material ilegal.<\/p>\n<p>Voc\u00ea e HUMICO concordam que qualquer disputa ou reclama\u00e7\u00e3o decorrente ou relacionada ao uso deste site estar\u00e1 sujeita \u00e0s leis da Regi\u00e3o Administrativa Especial de Hong Kong e ser\u00e1 submetida \u00e0 jurisdi\u00e7\u00e3o exclusiva dos tribunais da Regi\u00e3o Administrativa Especial de Hong Kong. Regi\u00e3o.<\/p>\n<p><strong>Uso do site<\/strong>Salvo indica\u00e7\u00e3o em contr\u00e1rio, este site \u00e9 apenas para seu uso pessoal e n\u00e3o para uso comercial. Voc\u00ea n\u00e3o pode autorizar terceiros a usar este site;<\/p>\n<p>Reservamo-nos o direito, a nosso exclusivo crit\u00e9rio, de revisar, editar, mover ou excluir unilateralmente qualquer material exibido ou postado no Site ou em seu quadro de avisos sem aviso pr\u00e9vio;<\/p>\n<p>Voc\u00ea n\u00e3o pode modificar, copiar, redefinir, reimprimir, fazer upload, publicar, transmitir ou distribuir quaisquer Materiais, incluindo o c\u00f3digo e o software do Site, de forma alguma;<\/p>\n<p>Voc\u00ea concorda em n\u00e3o usar qualquer obscenidade, difamat\u00f3ria ou incita\u00e7\u00e3o, e n\u00e3o publicar nenhum material que seja difamat\u00f3rio, insultuoso, assediante, racista ou odioso neste site. Voc\u00ea concorda em usar este site apenas de acordo com a lei.<\/p>\n<p>Voc\u00ea \u00e9 respons\u00e1vel por garantir que qualquer material fornecido no Site ou publicado no Quadro de Avisos ou no F\u00f3rum ou em outro lugar n\u00e3o viole direitos autorais, marcas registradas ou outros direitos pessoais ou exclusivos de terceiros.<\/p>\n<p>Voc\u00ea concorda em n\u00e3o danificar, cobrir, atacar, modificar ou interferir no Site e em seu software, hardware e\/ou servidores relacionados de qualquer forma.<\/p>\n<p>Se voc\u00ea n\u00e3o cumprir os termos acima, reservamo-nos o direito de suspender ou encerrar seu acesso a este site, independentemente de publicarem ou n\u00e3o o aviso em momentos diferentes no site.<\/p>\n<p><strong>Acordo de confidencialidade e confidencialidade<\/strong>Voc\u00ea concorda em n\u00e3o divulgar, copiar, usar, fornecer direta ou indiretamente qualquer informa\u00e7\u00e3o confidencial que seja vendida ou divulgada a terceiros e divulgada pela HUMICO. Isso ser\u00e1 marcado como \u201cinforma\u00e7\u00e3o confidencial\u201d ou similar, incluindo materiais, processos e t\u00e9cnicas propriet\u00e1rios relacionados \u00e0 futura revis\u00e3o e teste de conceitos de produtos ou servi\u00e7os em pesquisas ou discuss\u00f5es on-line ou off-line.<\/p>","protected":false},"excerpt":{"rendered":"<p>Termos e Condi\u00e7\u00f5es Obrigado por visitar este site. Por favor, certifique-se de ler atentamente os termos e condi\u00e7\u00f5es contidos neste documento, pois qualquer uso deste site significa que voc\u00ea aceitou os termos e condi\u00e7\u00f5es listados aqui. As refer\u00eancias neste site a \u201cn\u00f3s\u201d, \u201cnosso\u201d etc. referem-se a HUMICO. e qualquer um de seus [...]<\/p>","protected":false},"author":2,"featured_media":0,"parent":0,"menu_order":6,"comment_status":"closed","ping_status":"closed","template":"elementor_header_footer","meta":{"site-sidebar-layout":"default","site-content-layout":"","ast-site-content-layout":"default","site-content-style":"default","site-sidebar-style":"default","ast-global-header-display":"","ast-banner-title-visibility":"","ast-main-header-display":"","ast-hfb-above-header-display":"","ast-hfb-below-header-display":"","ast-hfb-mobile-header-display":"","site-post-title":"","ast-breadcrumbs-content":"","ast-featured-img":"","footer-sml-layout":"","ast-disable-related-posts":"","theme-transparent-header-meta":"default","adv-header-id-meta":"","stick-header-meta":"default","header-above-stick-meta":"","header-main-stick-meta":"","header-below-stick-meta":"","astra-migrate-meta-layouts":"set","ast-page-background-enabled":"default","ast-page-background-meta":{"desktop":{"background-color":"var(--ast-global-color-4)","background-image":"","background-repeat":"repeat","background-position":"center center","background-size":"auto","background-attachment":"scroll","background-type":"","background-media":"","overlay-type":"","overlay-color":"","overlay-opacity":"","overlay-gradient":""},"tablet":{"background-color":"","background-image":"","background-repeat":"repeat","background-position":"center center","background-size":"auto","background-attachment":"scroll","background-type":"","background-media":"","overlay-type":"","overlay-color":"","overlay-opacity":"","overlay-gradient":""},"mobile":{"background-color":"","background-image":"","background-repeat":"repeat","background-position":"center center","background-size":"auto","background-attachment":"scroll","background-type":"","background-media":"","overlay-type":"","overlay-color":"","overlay-opacity":"","overlay-gradient":""}},"ast-content-background-meta":{"desktop":{"background-color":"var(--ast-global-color-5)","background-image":"","background-repeat":"repeat","background-position":"center center","background-size":"auto","background-attachment":"scroll","background-type":"","background-media":"","overlay-type":"","overlay-color":"","overlay-opacity":"","overlay-gradient":""},"tablet":{"background-color":"var(--ast-global-color-5)","background-image":"","background-repeat":"repeat","background-position":"center center","background-size":"auto","background-attachment":"scroll","background-type":"","background-media":"","overlay-type":"","overlay-color":"","overlay-opacity":"","overlay-gradient":""},"mobile":{"background-color":"var(--ast-global-color-5)","background-image":"","background-repeat":"repeat","background-position":"center center","background-size":"auto","background-attachment":"scroll","background-type":"","background-media":"","overlay-type":"","overlay-color":"","overlay-opacity":"","overlay-gradient":""}},"footnotes":""},"class_list":["post-1795","page","type-page","status-publish","hentry"],"yoast_head":"<!-- This site is optimized with the Yoast SEO plugin v26.7 - https:\/\/yoast.com\/wordpress\/plugins\/seo\/ -->\n<title>Terms and Conditions - Potassium Humate, Potassium Fulvate, Sodium Humate, Humic Acid, Humic Amino Shiny Balls, Amino Acid, Seaweed Extract, Fish Protein, Chitosan, EDDHA Fe 6%, EDTA and Fulvic Acid Agriculture Organic Fertilizers\/Animal Feed Manufacturer and Export Supplier in China<\/title>\n<meta name=\"robots\" content=\"index, follow, max-snippet:-1, max-image-preview:large, max-video-preview:-1\" \/>\n<link rel=\"canonical\" href=\"https:\/\/www.ihumico.com\/pt\/termos-e-condicoes\/\" \/>\n<meta property=\"og:locale\" content=\"pt_BR\" \/>\n<meta property=\"og:type\" content=\"article\" \/>\n<meta property=\"og:title\" content=\"Terms and Conditions - Potassium Humate, Potassium Fulvate, Sodium Humate, Humic Acid, Humic Amino Shiny Balls, Amino Acid, Seaweed Extract, Fish Protein, Chitosan, EDDHA Fe 6%, EDTA and Fulvic Acid Agriculture Organic Fertilizers\/Animal Feed Manufacturer and Export Supplier in China\" \/>\n<meta property=\"og:description\" content=\"Terms and Conditions Thank you for visiting this website. Please be sure to read the terms and conditions contained in this document carefully, as any use of this website means that you have accepted the terms and conditions listed here. References in this website to \u201cwe\u201d, \u201cour\u201d etc., refer to HUMICO. and any of its [&hellip;]\" \/>\n<meta property=\"og:url\" content=\"https:\/\/www.ihumico.com\/pt\/termos-e-condicoes\/\" \/>\n<meta property=\"og:site_name\" content=\"Potassium Humate, Potassium Fulvate, Sodium Humate, Humic Acid, Humic Amino Shiny Balls, Amino Acid, Seaweed Extract, Fish Protein, Chitosan, EDDHA Fe 6%, EDTA and Fulvic Acid Agriculture Organic Fertilizers\/Animal Feed Manufacturer and Export Supplier in China\" \/>\n<meta property=\"article:modified_time\" content=\"2023-12-28T07:07:13+00:00\" \/>\n<meta name=\"twitter:card\" content=\"summary_large_image\" \/>\n<meta name=\"twitter:label1\" content=\"Est. tempo de leitura\" \/>\n\t<meta name=\"twitter:data1\" content=\"7 minutos\" \/>\n<script type=\"application\/ld+json\" class=\"yoast-schema-graph\">{\"@context\":\"https:\/\/schema.org\",\"@graph\":[{\"@type\":\"WebPage\",\"@id\":\"https:\/\/www.ihumico.com\/terms-and-conditions\/\",\"url\":\"https:\/\/www.ihumico.com\/terms-and-conditions\/\",\"name\":\"Terms and Conditions - Potassium Humate, Potassium Fulvate, Sodium Humate, Humic Acid, Humic Amino Shiny Balls, Amino Acid, Seaweed Extract, Fish Protein, Chitosan, EDDHA Fe 6%, EDTA and Fulvic Acid Agriculture Organic Fertilizers\/Animal Feed Manufacturer and Export Supplier in China\",\"isPartOf\":{\"@id\":\"https:\/\/www.ihumico.com\/#website\"},\"datePublished\":\"2023-12-28T07:06:40+00:00\",\"dateModified\":\"2023-12-28T07:07:13+00:00\",\"breadcrumb\":{\"@id\":\"https:\/\/www.ihumico.com\/terms-and-conditions\/#breadcrumb\"},\"inLanguage\":\"pt-BR\",\"potentialAction\":[{\"@type\":\"ReadAction\",\"target\":[\"https:\/\/www.ihumico.com\/terms-and-conditions\/\"]}]},{\"@type\":\"BreadcrumbList\",\"@id\":\"https:\/\/www.ihumico.com\/terms-and-conditions\/#breadcrumb\",\"itemListElement\":[{\"@type\":\"ListItem\",\"position\":1,\"name\":\"Home\",\"item\":\"https:\/\/www.ihumico.com\/\"},{\"@type\":\"ListItem\",\"position\":2,\"name\":\"Terms and Conditions\"}]},{\"@type\":\"WebSite\",\"@id\":\"https:\/\/www.ihumico.com\/#website\",\"url\":\"https:\/\/www.ihumico.com\/\",\"name\":\"Potassium Humate, Potassium Fulvate, Sodium Humate, Humic Acid, Humic Amino Shiny Balls, Amino Acid, Seaweed Extract, Fish Protein, Chitosan, EDDHA Fe 6%, EDTA and Fulvic Acid Agriculture Organic Fertilizers\/Animal Feed Manufacturer and Export Supplier in China\",\"description\":\"\",\"publisher\":{\"@id\":\"https:\/\/www.ihumico.com\/#organization\"},\"potentialAction\":[{\"@type\":\"SearchAction\",\"target\":{\"@type\":\"EntryPoint\",\"urlTemplate\":\"https:\/\/www.ihumico.com\/?s={search_term_string}\"},\"query-input\":{\"@type\":\"PropertyValueSpecification\",\"valueRequired\":true,\"valueName\":\"search_term_string\"}}],\"inLanguage\":\"pt-BR\"},{\"@type\":\"Organization\",\"@id\":\"https:\/\/www.ihumico.com\/#organization\",\"name\":\"Potassium Humate, Potassium Fulvate, Sodium Humate, Humic Acid, Humic Amino Shiny Balls, Amino Acid, Seaweed Extract, Fish Protein, Chitosan, EDDHA Fe 6%, EDTA and Fulvic Acid Agriculture Organic Fertilizers\/Animal Feed Manufacturer and Export Supplier in China\",\"url\":\"https:\/\/www.ihumico.com\/\",\"logo\":{\"@type\":\"ImageObject\",\"inLanguage\":\"pt-BR\",\"@id\":\"https:\/\/www.ihumico.com\/#\/schema\/logo\/image\/\",\"url\":\"https:\/\/www.ihumico.com\/wp-content\/uploads\/2023\/12\/logo-2.png\",\"contentUrl\":\"https:\/\/www.ihumico.com\/wp-content\/uploads\/2023\/12\/logo-2.png\",\"width\":800,\"height\":324,\"caption\":\"Potassium Humate, Potassium Fulvate, Sodium Humate, Humic Acid, Humic Amino Shiny Balls, Amino Acid, Seaweed Extract, Fish Protein, Chitosan, EDDHA Fe 6%, EDTA and Fulvic Acid Agriculture Organic Fertilizers\/Animal Feed Manufacturer and Export Supplier in China\"},\"image\":{\"@id\":\"https:\/\/www.ihumico.com\/#\/schema\/logo\/image\/\"}}]}<\/script>\n<!-- \/ Yoast SEO plugin. -->","yoast_head_json":{"title":"Terms and Conditions - Potassium Humate, Potassium Fulvate, Sodium Humate, Humic Acid, Humic Amino Shiny Balls, Amino Acid, Seaweed Extract, Fish Protein, Chitosan, EDDHA Fe 6%, EDTA and Fulvic Acid Agriculture Organic Fertilizers\/Animal Feed Manufacturer and Export Supplier in China","robots":{"index":"index","follow":"follow","max-snippet":"max-snippet:-1","max-image-preview":"max-image-preview:large","max-video-preview":"max-video-preview:-1"},"canonical":"https:\/\/www.ihumico.com\/pt\/termos-e-condicoes\/","og_locale":"pt_BR","og_type":"article","og_title":"Terms and Conditions - Potassium Humate, Potassium Fulvate, Sodium Humate, Humic Acid, Humic Amino Shiny Balls, Amino Acid, Seaweed Extract, Fish Protein, Chitosan, EDDHA Fe 6%, EDTA and Fulvic Acid Agriculture Organic Fertilizers\/Animal Feed Manufacturer and Export Supplier in China","og_description":"Terms and Conditions Thank you for visiting this website. Please be sure to read the terms and conditions contained in this document carefully, as any use of this website means that you have accepted the terms and conditions listed here. References in this website to \u201cwe\u201d, \u201cour\u201d etc., refer to HUMICO. and any of its [&hellip;]","og_url":"https:\/\/www.ihumico.com\/pt\/termos-e-condicoes\/","og_site_name":"Potassium Humate, Potassium Fulvate, Sodium Humate, Humic Acid, Humic Amino Shiny Balls, Amino Acid, Seaweed Extract, Fish Protein, Chitosan, EDDHA Fe 6%, EDTA and Fulvic Acid Agriculture Organic Fertilizers\/Animal Feed Manufacturer and Export Supplier in China","article_modified_time":"2023-12-28T07:07:13+00:00","twitter_card":"summary_large_image","twitter_misc":{"Est. tempo de leitura":"7 minutos"},"schema":{"@context":"https:\/\/schema.org","@graph":[{"@type":"WebPage","@id":"https:\/\/www.ihumico.com\/terms-and-conditions\/","url":"https:\/\/www.ihumico.com\/terms-and-conditions\/","name":"Terms and Conditions - Potassium Humate, Potassium Fulvate, Sodium Humate, Humic Acid, Humic Amino Shiny Balls, Amino Acid, Seaweed Extract, Fish Protein, Chitosan, EDDHA Fe 6%, EDTA and Fulvic Acid Agriculture Organic Fertilizers\/Animal Feed Manufacturer and Export Supplier in China","isPartOf":{"@id":"https:\/\/www.ihumico.com\/#website"},"datePublished":"2023-12-28T07:06:40+00:00","dateModified":"2023-12-28T07:07:13+00:00","breadcrumb":{"@id":"https:\/\/www.ihumico.com\/terms-and-conditions\/#breadcrumb"},"inLanguage":"pt-BR","potentialAction":[{"@type":"ReadAction","target":["https:\/\/www.ihumico.com\/terms-and-conditions\/"]}]},{"@type":"BreadcrumbList","@id":"https:\/\/www.ihumico.com\/terms-and-conditions\/#breadcrumb","itemListElement":[{"@type":"ListItem","position":1,"name":"Home","item":"https:\/\/www.ihumico.com\/"},{"@type":"ListItem","position":2,"name":"Terms and Conditions"}]},{"@type":"WebSite","@id":"https:\/\/www.ihumico.com\/#website","url":"https:\/\/www.ihumico.com\/","name":"Potassium Humate, Potassium Fulvate, Sodium Humate, Humic Acid, Humic Amino Shiny Balls, Amino Acid, Seaweed Extract, Fish Protein, Chitosan, EDDHA Fe 6%, EDTA and Fulvic Acid Agriculture Organic Fertilizers\/Animal Feed Manufacturer and Export Supplier in China","description":"","publisher":{"@id":"https:\/\/www.ihumico.com\/#organization"},"potentialAction":[{"@type":"SearchAction","target":{"@type":"EntryPoint","urlTemplate":"https:\/\/www.ihumico.com\/?s={search_term_string}"},"query-input":{"@type":"PropertyValueSpecification","valueRequired":true,"valueName":"search_term_string"}}],"inLanguage":"pt-BR"},{"@type":"Organization","@id":"https:\/\/www.ihumico.com\/#organization","name":"Potassium Humate, Potassium Fulvate, Sodium Humate, Humic Acid, Humic Amino Shiny Balls, Amino Acid, Seaweed Extract, Fish Protein, Chitosan, EDDHA Fe 6%, EDTA and Fulvic Acid Agriculture Organic Fertilizers\/Animal Feed Manufacturer and Export Supplier in China","url":"https:\/\/www.ihumico.com\/","logo":{"@type":"ImageObject","inLanguage":"pt-BR","@id":"https:\/\/www.ihumico.com\/#\/schema\/logo\/image\/","url":"https:\/\/www.ihumico.com\/wp-content\/uploads\/2023\/12\/logo-2.png","contentUrl":"https:\/\/www.ihumico.com\/wp-content\/uploads\/2023\/12\/logo-2.png","width":800,"height":324,"caption":"Potassium Humate, Potassium Fulvate, Sodium Humate, Humic Acid, Humic Amino Shiny Balls, Amino Acid, Seaweed Extract, Fish Protein, Chitosan, EDDHA Fe 6%, EDTA and Fulvic Acid Agriculture Organic Fertilizers\/Animal Feed Manufacturer and Export Supplier in China"},"image":{"@id":"https:\/\/www.ihumico.com\/#\/schema\/logo\/image\/"}}]}},"_links":{"self":[{"href":"https:\/\/www.ihumico.com\/pt\/wp-json\/wp\/v2\/pages\/1795","targetHints":{"allow":["GET"]}}],"collection":[{"href":"https:\/\/www.ihumico.com\/pt\/wp-json\/wp\/v2\/pages"}],"about":[{"href":"https:\/\/www.ihumico.com\/pt\/wp-json\/wp\/v2\/types\/page"}],"author":[{"embeddable":true,"href":"https:\/\/www.ihumico.com\/pt\/wp-json\/wp\/v2\/users\/2"}],"replies":[{"embeddable":true,"href":"https:\/\/www.ihumico.com\/pt\/wp-json\/wp\/v2\/comments?post=1795"}],"version-history":[{"count":2,"href":"https:\/\/www.ihumico.com\/pt\/wp-json\/wp\/v2\/pages\/1795\/revisions"}],"predecessor-version":[{"id":1798,"href":"https:\/\/www.ihumico.com\/pt\/wp-json\/wp\/v2\/pages\/1795\/revisions\/1798"}],"wp:attachment":[{"href":"https:\/\/www.ihumico.com\/pt\/wp-json\/wp\/v2\/media?parent=1795"}],"curies":[{"name":"wp","href":"https:\/\/api.w.org\/{rel}","templated":true}]}}