{"id":3,"date":"2023-10-09T08:03:25","date_gmt":"2023-10-09T08:03:25","guid":{"rendered":"http:\/\/www.ihumico.com\/?page_id=3"},"modified":"2023-12-26T17:42:09","modified_gmt":"2023-12-26T09:42:09","slug":"chinh-sach-bao-mat","status":"publish","type":"page","link":"https:\/\/www.ihumico.com\/vi\/chinh-sach-bao-mat\/","title":{"rendered":"Ch\u00ednh s\u00e1ch b\u1ea3o m\u1eadt"},"content":{"rendered":"<h3 style=\"text-align: center;margin-top:20px;\">Ch\u00ednh s\u00e1ch b\u1ea3o m\u1eadt<\/h3>\n<p><strong><br \/>\nV\u1ea5n \u0111\u1ec1 ri\u00eang t\u01b0.<br \/>\n<\/strong>Ch\u00fang t\u00f4i bi\u1ebft r\u1eb1ng quy\u1ec1n ri\u00eang t\u01b0 d\u1eef li\u1ec7u l\u00e0 v\u1ea5n \u0111\u1ec1 h\u00e0ng \u0111\u1ea7u hi\u1ec7n nay v\u00e0 ch\u00fang t\u00f4i mu\u1ed1n b\u1ea1n t\u1eadn h\u01b0\u1edfng s\u1ef1 t\u01b0\u01a1ng t\u00e1c v\u1edbi ch\u00fang t\u00f4i trong khi bi\u1ebft r\u1eb1ng ch\u00fang t\u00f4i coi tr\u1ecdng D\u1eef li\u1ec7u c\u00e1 nh\u00e2n c\u1ee7a b\u1ea1n v\u00e0 ch\u00fang t\u00f4i b\u1ea3o v\u1ec7 d\u1eef li\u1ec7u \u0111\u00f3.<\/p>\n<p>T\u1ea1i \u0111\u00e2y, b\u1ea1n s\u1ebd t\u00ecm th\u1ea5y th\u00f4ng tin t\u1ed5ng quan v\u1ec1 c\u00e1ch ch\u00fang t\u00f4i x\u1eed l\u00fd D\u1eef li\u1ec7u C\u00e1 nh\u00e2n c\u1ee7a b\u1ea1n, m\u1ee5c \u0111\u00edch ch\u00fang t\u00f4i x\u1eed l\u00fd d\u1eef li\u1ec7u \u0111\u00f3 v\u00e0 b\u1ea1n \u0111\u01b0\u1ee3c h\u01b0\u1edfng l\u1ee3i nh\u01b0 th\u1ebf n\u00e0o. B\u1ea1n c\u0169ng s\u1ebd bi\u1ebft c\u00e1c quy\u1ec1n c\u1ee7a m\u00ecnh l\u00e0 g\u00ec v\u00e0 c\u00e1ch b\u1ea1n c\u00f3 th\u1ec3 li\u00ean h\u1ec7 v\u1edbi ch\u00fang t\u00f4i.<\/p>\n<p><strong>C\u1eadp nh\u1eadt cho Th\u00f4ng b\u00e1o v\u1ec1 quy\u1ec1n ri\u00eang t\u01b0 n\u00e0y<br \/>\n<\/strong>Khi ho\u1ea1t \u0111\u1ed9ng kinh doanh v\u00e0 c\u00f4ng ngh\u1ec7 ph\u00e1t tri\u1ec3n, ch\u00fang t\u00f4i c\u00f3 th\u1ec3 c\u1ea7n thay \u0111\u1ed5i Th\u00f4ng b\u00e1o v\u1ec1 quy\u1ec1n ri\u00eang t\u01b0 n\u00e0y. Ch\u00fang t\u00f4i khuy\u1ebfn kh\u00edch b\u1ea1n th\u01b0\u1eddng xuy\u00ean xem l\u1ea1i Th\u00f4ng b\u00e1o v\u1ec1 quy\u1ec1n ri\u00eang t\u01b0 n\u00e0y \u0111\u1ec3 \u0111\u1ea3m b\u1ea3o b\u1ea1n \u0111\u01b0\u1ee3c c\u1eadp nh\u1eadt v\u1ec1 c\u00e1ch HUMICO s\u1eed d\u1ee5ng D\u1eef li\u1ec7u c\u00e1 nh\u00e2n c\u1ee7a b\u1ea1n.<\/p>\n<p><strong>D\u01b0\u1edbi 13 tu\u1ed5i?<br \/>\n<\/strong>N\u1ebfu b\u1ea1n d\u01b0\u1edbi 13 tu\u1ed5i, vui l\u00f2ng \u0111\u1ee3i b\u1ea1n l\u1edbn h\u01a1n m\u1ed9t ch\u00fat \u0111\u1ec3 t\u01b0\u01a1ng t\u00e1c v\u1edbi ch\u00fang t\u00f4i ho\u1eb7c nh\u1edd cha m\u1eb9 ho\u1eb7c ng\u01b0\u1eddi gi\u00e1m h\u1ed9 li\u00ean h\u1ec7 v\u1edbi ch\u00fang t\u00f4i! Ch\u00fang t\u00f4i kh\u00f4ng th\u1ec3 thu th\u1eadp v\u00e0 s\u1eed d\u1ee5ng D\u1eef li\u1ec7u C\u00e1 nh\u00e2n c\u1ee7a b\u1ea1n m\u00e0 kh\u00f4ng c\u00f3 s\u1ef1 \u0111\u1ed3ng \u00fd c\u1ee7a h\u1ecd.<\/p>\n<p><strong>T\u1ea1i sao ch\u00fang t\u00f4i x\u1eed l\u00fd D\u1eef li\u1ec7u C\u00e1 nh\u00e2n c\u1ee7a b\u1ea1n?<br \/>\n<\/strong>Ch\u00fang t\u00f4i x\u1eed l\u00fd D\u1eef li\u1ec7u c\u00e1 nh\u00e2n c\u1ee7a b\u1ea1n, bao g\u1ed3m m\u1ecdi d\u1eef li\u1ec7u c\u00e1 nh\u00e2n nh\u1ea1y c\u1ea3m m\u00e0 b\u1ea1n \u0111\u00e3 \u0111\u1ed3ng \u00fd cung c\u1ea5p cho ch\u00fang t\u00f4i, \u0111\u1ec3 li\u00ean l\u1ea1c v\u1edbi b\u1ea1n, th\u1ef1c hi\u1ec7n \u0111\u01a1n \u0111\u1eb7t h\u00e0ng, tr\u1ea3 l\u1eddi c\u00e1c th\u1eafc m\u1eafc c\u1ee7a b\u1ea1n v\u00e0 cung c\u1ea5p cho b\u1ea1n th\u00f4ng tin li\u00ean l\u1ea1c v\u1ec1 HUMICO v\u00e0 c\u00e1c s\u1ea3n ph\u1ea9m c\u1ee7a ch\u00fang t\u00f4i. Ch\u00fang t\u00f4i c\u0169ng x\u1eed l\u00fd D\u1eef li\u1ec7u c\u00e1 nh\u00e2n c\u1ee7a b\u1ea1n \u0111\u1ec3 gi\u00fap ch\u00fang t\u00f4i tu\u00e2n th\u1ee7 lu\u1eadt ph\u00e1p, b\u00e1n ho\u1eb7c chuy\u1ec3n nh\u01b0\u1ee3ng b\u1ea5t k\u1ef3 ph\u1ea7n li\u00ean quan n\u00e0o trong ho\u1ea1t \u0111\u1ed9ng kinh doanh c\u1ee7a ch\u00fang t\u00f4i, qu\u1ea3n l\u00fd h\u1ec7 th\u1ed1ng v\u00e0 t\u00e0i ch\u00ednh c\u1ee7a ch\u00fang t\u00f4i, ti\u1ebfn h\u00e0nh \u0111i\u1ec1u tra v\u00e0 th\u1ef1c hi\u1ec7n c\u00e1c quy\u1ec1n h\u1ee3p ph\u00e1p. Ch\u00fang t\u00f4i k\u1ebft h\u1ee3p D\u1eef li\u1ec7u c\u00e1 nh\u00e2n c\u1ee7a b\u1ea1n t\u1eeb t\u1ea5t c\u1ea3 c\u00e1c ngu\u1ed3n \u0111\u1ec3 c\u00f3 th\u1ec3 hi\u1ec3u b\u1ea1n r\u00f5 h\u01a1n nh\u1eb1m c\u1ea3i thi\u1ec7n v\u00e0 c\u00e1 nh\u00e2n h\u00f3a tr\u1ea3i nghi\u1ec7m c\u1ee7a b\u1ea1n khi t\u01b0\u01a1ng t\u00e1c v\u1edbi ch\u00fang t\u00f4i.<\/p>\n<p><strong>Ai c\u00f3 th\u1ec3 truy c\u1eadp D\u1eef li\u1ec7u C\u00e1 nh\u00e2n c\u1ee7a b\u1ea1n v\u00e0 t\u1ea1i sao?<br \/>\n<\/strong>Ch\u00fang t\u00f4i h\u1ea1n ch\u1ebf ti\u1ebft l\u1ed9 D\u1eef li\u1ec7u C\u00e1 nh\u00e2n c\u1ee7a b\u1ea1n cho ng\u01b0\u1eddi kh\u00e1c, tuy nhi\u00ean ch\u00fang t\u00f4i c\u1ea7n ti\u1ebft l\u1ed9 D\u1eef li\u1ec7u C\u00e1 nh\u00e2n c\u1ee7a b\u1ea1n trong m\u1ed9t s\u1ed1 tr\u01b0\u1eddng h\u1ee3p nh\u1ea5t \u0111\u1ecbnh v\u00e0 ch\u1ee7 y\u1ebfu cho nh\u1eefng ng\u01b0\u1eddi nh\u1eadn sau:<\/p>\n<p>C\u00e1c c\u00f4ng ty trong HUMICO, khi c\u1ea7n thi\u1ebft v\u00ec l\u1ee3i \u00edch h\u1ee3p ph\u00e1p c\u1ee7a ch\u00fang t\u00f4i ho\u1eb7c v\u1edbi s\u1ef1 \u0111\u1ed3ng \u00fd c\u1ee7a b\u1ea1n;<\/p>\n<p>C\u00e1c b\u00ean th\u1ee9 ba \u0111\u01b0\u1ee3c ch\u00fang t\u00f4i thu\u00ea \u0111\u1ec3 cung c\u1ea5p c\u00e1c d\u1ecbch v\u1ee5 nh\u01b0 qu\u1ea3n l\u00fd trang web, \u1ee9ng d\u1ee5ng v\u00e0 d\u1ecbch v\u1ee5 HUMICO (v\u00ed d\u1ee5: t\u00ednh n\u0103ng, ch\u01b0\u01a1ng tr\u00ecnh v\u00e0 ch\u01b0\u01a1ng tr\u00ecnh khuy\u1ebfn m\u00e3i) d\u00e0nh cho b\u1ea1n, tu\u00e2n theo c\u00e1c bi\u1ec7n ph\u00e1p b\u1ea3o v\u1ec7 th\u00edch h\u1ee3p;<\/p>\n<p>C\u01a1 quan b\u00e1o c\u00e1o t\u00edn d\u1ee5ng\/ng\u01b0\u1eddi thu n\u1ee3, khi \u0111\u01b0\u1ee3c ph\u00e1p lu\u1eadt cho ph\u00e9p v\u00e0 n\u1ebfu ch\u00fang t\u00f4i c\u1ea7n x\u00e1c minh m\u1ee9c \u0111\u1ed9 t\u00edn nhi\u1ec7m c\u1ee7a b\u1ea1n (v\u00ed d\u1ee5: n\u1ebfu b\u1ea1n ch\u1ecdn \u0111\u1eb7t h\u00e0ng k\u00e8m h\u00f3a \u0111\u01a1n) ho\u1eb7c thu c\u00e1c h\u00f3a \u0111\u01a1n ch\u01b0a thanh to\u00e1n; v\u00e0 C\u00e1c c\u01a1 quan c\u00f4ng quy\u1ec1n v\u00e0 c\u01a1 quan c\u00f3 th\u1ea9m quy\u1ec1n c\u00f3 li\u00ean quan, n\u1ebfu ph\u00e1p lu\u1eadt y\u00eau c\u1ea7u ho\u1eb7c v\u00ec l\u1ee3i \u00edch kinh doanh h\u1ee3p ph\u00e1p.<\/p>\n<p><strong>B\u1ea3o m\u1eadt v\u00e0 l\u01b0u gi\u1eef d\u1eef li\u1ec7u<br \/>\n<\/strong>Ch\u00fang t\u00f4i s\u1eed d\u1ee5ng nhi\u1ec1u bi\u1ec7n ph\u00e1p kh\u00e1c nhau \u0111\u1ec3 gi\u1eef cho D\u1eef li\u1ec7u C\u00e1 nh\u00e2n c\u1ee7a b\u1ea1n \u0111\u01b0\u1ee3c b\u1ea3o m\u1eadt v\u00e0 an to\u00e0n, bao g\u1ed3m h\u1ea1n ch\u1ebf quy\u1ec1n truy c\u1eadp v\u00e0o D\u1eef li\u1ec7u C\u00e1 nh\u00e2n c\u1ee7a b\u1ea1n tr\u00ean c\u01a1 s\u1edf c\u1ea7n bi\u1ebft v\u00e0 tu\u00e2n theo c\u00e1c ti\u00eau chu\u1ea9n b\u1ea3o m\u1eadt th\u00edch h\u1ee3p \u0111\u1ec3 b\u1ea3o v\u1ec7 d\u1eef li\u1ec7u c\u1ee7a b\u1ea1n.<\/p>\n<p>Ch\u00fang t\u00f4i th\u1ef1c hi\u1ec7n m\u1ecdi b\u01b0\u1edbc h\u1ee3p l\u00fd \u0111\u1ec3 \u0111\u1ea3m b\u1ea3o r\u1eb1ng D\u1eef li\u1ec7u c\u00e1 nh\u00e2n c\u1ee7a b\u1ea1n ch\u1ec9 \u0111\u01b0\u1ee3c x\u1eed l\u00fd trong kho\u1ea3ng th\u1eddi gian t\u1ed1i thi\u1ec3u c\u1ea7n thi\u1ebft li\u00ean quan \u0111\u1ebfn: (i) c\u00e1c m\u1ee5c \u0111\u00edch \u0111\u01b0\u1ee3c n\u00eau trong Th\u00f4ng b\u00e1o v\u1ec1 quy\u1ec1n ri\u00eang t\u01b0 n\u00e0y; (ii) b\u1ea5t k\u1ef3 m\u1ee5c \u0111\u00edch b\u1ed5 sung n\u00e0o \u0111\u01b0\u1ee3c th\u00f4ng b\u00e1o cho b\u1ea1n t\u1ea1i ho\u1eb7c tr\u01b0\u1edbc th\u1eddi \u0111i\u1ec3m thu th\u1eadp D\u1eef li\u1ec7u C\u00e1 nh\u00e2n c\u00f3 li\u00ean quan ho\u1eb7c b\u1eaft \u0111\u1ea7u qu\u00e1 tr\u00ecnh x\u1eed l\u00fd li\u00ean quan; ho\u1eb7c (iii) theo y\u00eau c\u1ea7u ho\u1eb7c \u0111\u01b0\u1ee3c ph\u00e1p lu\u1eadt hi\u1ec7n h\u00e0nh cho ph\u00e9p; v\u00e0 sau \u0111\u00f3, trong su\u1ed1t th\u1eddi h\u1ea1n \u00e1p d\u1ee5ng. T\u00f3m l\u1ea1i, khi D\u1eef li\u1ec7u C\u00e1 nh\u00e2n c\u1ee7a b\u1ea1n kh\u00f4ng c\u00f2n c\u1ea7n thi\u1ebft n\u1eefa, ch\u00fang t\u00f4i s\u1ebd h\u1ee7y ho\u1eb7c x\u00f3a d\u1eef li\u1ec7u \u0111\u00f3 m\u1ed9t c\u00e1ch an to\u00e0n.<\/p>\n<p><strong>Li\u00ean h\u1ec7 ch\u00fang t\u00f4i<br \/>\n<\/strong>HUMICO \u0111\u00f3ng vai tr\u00f2 l\u00e0 \u201cng\u01b0\u1eddi ki\u1ec3m so\u00e1t\u201d D\u1eef li\u1ec7u C\u00e1 nh\u00e2n c\u1ee7a b\u1ea1n \u0111\u01b0\u1ee3c x\u1eed l\u00fd theo ho\u1eb7c li\u00ean quan \u0111\u1ebfn Th\u00f4ng b\u00e1o v\u1ec1 Quy\u1ec1n ri\u00eang t\u01b0 n\u00e0y. N\u1ebfu b\u1ea1n c\u00f3 b\u1ea5t k\u1ef3 c\u00e2u h\u1ecfi ho\u1eb7c nh\u1eadn x\u00e9t n\u00e0o v\u1ec1 Th\u00f4ng b\u00e1o quy\u1ec1n ri\u00eang t\u01b0 n\u00e0y ho\u1eb7c c\u00e1c ph\u01b0\u01a1ng ph\u00e1p thu th\u1eadp v\u00e0 x\u1eed l\u00fd D\u1eef li\u1ec7u c\u00e1 nh\u00e2n HUMICO, vui l\u00f2ng li\u00ean h\u1ec7 v\u1edbi ch\u00fang t\u00f4i ho\u1eb7c g\u1eedi email cho ch\u00fang t\u00f4i theo \u0111\u1ecba ch\u1ec9 sales@tophumate.com<\/p>\n<p>HUMICO<br \/>\nS\u1ed1 1, \u0110\u01b0\u1eddng Sany, Khu Ph\u00e1t tri\u1ec3n Kinh t\u1ebf v\u00e0 C\u00f4ng ngh\u1ec7 Tr\u01b0\u1eddng Sa, Tr\u01b0\u1eddng Sa, H\u1ed3 Nam, Trung Qu\u1ed1c<\/p>","protected":false},"excerpt":{"rendered":"<p>Privacy Policy Privacy matters. We know that data privacy is a top issue today, and we want you to enjoy your interaction with us whilst knowing that we value your Personal Data and that we protect it. Here you will find an overview of how we process your Personal Data, the purposes for which we [&hellip;]<\/p>","protected":false},"author":1,"featured_media":0,"parent":0,"menu_order":5,"comment_status":"closed","ping_status":"open","template":"elementor_header_footer","meta":{"site-sidebar-layout":"default","site-content-layout":"","ast-site-content-layout":"default","site-content-style":"default","site-sidebar-style":"default","ast-global-header-display":"","ast-banner-title-visibility":"","ast-main-header-display":"","ast-hfb-above-header-display":"","ast-hfb-below-header-display":"","ast-hfb-mobile-header-display":"","site-post-title":"","ast-breadcrumbs-content":"","ast-featured-img":"","footer-sml-layout":"","ast-disable-related-posts":"","theme-transparent-header-meta":"default","adv-header-id-meta":"","stick-header-meta":"default","header-above-stick-meta":"","header-main-stick-meta":"","header-below-stick-meta":"","astra-migrate-meta-layouts":"set","ast-page-background-enabled":"default","ast-page-background-meta":{"desktop":{"background-color":"var(--ast-global-color-4)","background-image":"","background-repeat":"repeat","background-position":"center center","background-size":"auto","background-attachment":"scroll","background-type":"","background-media":"","overlay-type":"","overlay-color":"","overlay-opacity":"","overlay-gradient":""},"tablet":{"background-color":"","background-image":"","background-repeat":"repeat","background-position":"center center","background-size":"auto","background-attachment":"scroll","background-type":"","background-media":"","overlay-type":"","overlay-color":"","overlay-opacity":"","overlay-gradient":""},"mobile":{"background-color":"","background-image":"","background-repeat":"repeat","background-position":"center center","background-size":"auto","background-attachment":"scroll","background-type":"","background-media":"","overlay-type":"","overlay-color":"","overlay-opacity":"","overlay-gradient":""}},"ast-content-background-meta":{"desktop":{"background-color":"var(--ast-global-color-5)","background-image":"","background-repeat":"repeat","background-position":"center center","background-size":"auto","background-attachment":"scroll","background-type":"","background-media":"","overlay-type":"","overlay-color":"","overlay-opacity":"","overlay-gradient":""},"tablet":{"background-color":"var(--ast-global-color-5)","background-image":"","background-repeat":"repeat","background-position":"center center","background-size":"auto","background-attachment":"scroll","background-type":"","background-media":"","overlay-type":"","overlay-color":"","overlay-opacity":"","overlay-gradient":""},"mobile":{"background-color":"var(--ast-global-color-5)","background-image":"","background-repeat":"repeat","background-position":"center center","background-size":"auto","background-attachment":"scroll","background-type":"","background-media":"","overlay-type":"","overlay-color":"","overlay-opacity":"","overlay-gradient":""}},"footnotes":""},"class_list":["post-3","page","type-page","status-publish","hentry"],"yoast_head":"<!-- This site is optimized with the Yoast SEO plugin v26.7 - https:\/\/yoast.com\/wordpress\/plugins\/seo\/ -->\n<title>Privacy Policy - Potassium Humate, Potassium Fulvate, Sodium Humate, Humic Acid, Humic Amino Shiny Balls, Amino Acid, Seaweed Extract, Fish Protein, Chitosan, EDDHA Fe 6%, EDTA and Fulvic Acid Agriculture Organic Fertilizers\/Animal Feed Manufacturer and Export Supplier in China<\/title>\n<meta name=\"robots\" content=\"index, follow, max-snippet:-1, max-image-preview:large, max-video-preview:-1\" \/>\n<link rel=\"canonical\" href=\"https:\/\/www.ihumico.com\/vi\/chinh-sach-bao-mat\/\" \/>\n<meta property=\"og:locale\" content=\"vi_VN\" \/>\n<meta property=\"og:type\" content=\"article\" \/>\n<meta property=\"og:title\" content=\"Privacy Policy - Potassium Humate, Potassium Fulvate, Sodium Humate, Humic Acid, Humic Amino Shiny Balls, Amino Acid, Seaweed Extract, Fish Protein, Chitosan, EDDHA Fe 6%, EDTA and Fulvic Acid Agriculture Organic Fertilizers\/Animal Feed Manufacturer and Export Supplier in China\" \/>\n<meta property=\"og:description\" content=\"Privacy Policy Privacy matters. We know that data privacy is a top issue today, and we want you to enjoy your interaction with us whilst knowing that we value your Personal Data and that we protect it. Here you will find an overview of how we process your Personal Data, the purposes for which we [&hellip;]\" \/>\n<meta property=\"og:url\" content=\"https:\/\/www.ihumico.com\/vi\/chinh-sach-bao-mat\/\" \/>\n<meta property=\"og:site_name\" content=\"Potassium Humate, Potassium Fulvate, Sodium Humate, Humic Acid, Humic Amino Shiny Balls, Amino Acid, Seaweed Extract, Fish Protein, Chitosan, EDDHA Fe 6%, EDTA and Fulvic Acid Agriculture Organic Fertilizers\/Animal Feed Manufacturer and Export Supplier in China\" \/>\n<meta property=\"article:modified_time\" content=\"2023-12-26T09:42:09+00:00\" \/>\n<meta name=\"twitter:card\" content=\"summary_large_image\" \/>\n<meta name=\"twitter:label1\" content=\"\u01af\u1edbc t\u00ednh th\u1eddi gian \u0111\u1ecdc\" \/>\n\t<meta name=\"twitter:data1\" content=\"3 ph\u00fat\" \/>\n<script type=\"application\/ld+json\" class=\"yoast-schema-graph\">{\"@context\":\"https:\/\/schema.org\",\"@graph\":[{\"@type\":\"WebPage\",\"@id\":\"https:\/\/www.ihumico.com\/privacy-policy\/\",\"url\":\"https:\/\/www.ihumico.com\/privacy-policy\/\",\"name\":\"Privacy Policy - Potassium Humate, Potassium Fulvate, Sodium Humate, Humic Acid, Humic Amino Shiny Balls, Amino Acid, Seaweed Extract, Fish Protein, Chitosan, EDDHA Fe 6%, EDTA and Fulvic Acid Agriculture Organic Fertilizers\/Animal Feed Manufacturer and Export Supplier in China\",\"isPartOf\":{\"@id\":\"https:\/\/www.ihumico.com\/#website\"},\"datePublished\":\"2023-10-09T08:03:25+00:00\",\"dateModified\":\"2023-12-26T09:42:09+00:00\",\"breadcrumb\":{\"@id\":\"https:\/\/www.ihumico.com\/privacy-policy\/#breadcrumb\"},\"inLanguage\":\"vi\",\"potentialAction\":[{\"@type\":\"ReadAction\",\"target\":[\"https:\/\/www.ihumico.com\/privacy-policy\/\"]}]},{\"@type\":\"BreadcrumbList\",\"@id\":\"https:\/\/www.ihumico.com\/privacy-policy\/#breadcrumb\",\"itemListElement\":[{\"@type\":\"ListItem\",\"position\":1,\"name\":\"Home\",\"item\":\"https:\/\/www.ihumico.com\/\"},{\"@type\":\"ListItem\",\"position\":2,\"name\":\"Privacy Policy\"}]},{\"@type\":\"WebSite\",\"@id\":\"https:\/\/www.ihumico.com\/#website\",\"url\":\"https:\/\/www.ihumico.com\/\",\"name\":\"Potassium Humate, Potassium Fulvate, Sodium Humate, Humic Acid, Humic Amino Shiny Balls, Amino Acid, Seaweed Extract, Fish Protein, Chitosan, EDDHA Fe 6%, EDTA and Fulvic Acid Agriculture Organic Fertilizers\/Animal Feed Manufacturer and Export Supplier in China\",\"description\":\"\",\"publisher\":{\"@id\":\"https:\/\/www.ihumico.com\/#organization\"},\"potentialAction\":[{\"@type\":\"SearchAction\",\"target\":{\"@type\":\"EntryPoint\",\"urlTemplate\":\"https:\/\/www.ihumico.com\/?s={search_term_string}\"},\"query-input\":{\"@type\":\"PropertyValueSpecification\",\"valueRequired\":true,\"valueName\":\"search_term_string\"}}],\"inLanguage\":\"vi\"},{\"@type\":\"Organization\",\"@id\":\"https:\/\/www.ihumico.com\/#organization\",\"name\":\"Potassium Humate, Potassium Fulvate, Sodium Humate, Humic Acid, Humic Amino Shiny Balls, Amino Acid, Seaweed Extract, Fish Protein, Chitosan, EDDHA Fe 6%, EDTA and Fulvic Acid Agriculture Organic Fertilizers\/Animal Feed Manufacturer and Export Supplier in China\",\"url\":\"https:\/\/www.ihumico.com\/\",\"logo\":{\"@type\":\"ImageObject\",\"inLanguage\":\"vi\",\"@id\":\"https:\/\/www.ihumico.com\/#\/schema\/logo\/image\/\",\"url\":\"https:\/\/www.ihumico.com\/wp-content\/uploads\/2023\/12\/logo-2.png\",\"contentUrl\":\"https:\/\/www.ihumico.com\/wp-content\/uploads\/2023\/12\/logo-2.png\",\"width\":800,\"height\":324,\"caption\":\"Potassium Humate, Potassium Fulvate, Sodium Humate, Humic Acid, Humic Amino Shiny Balls, Amino Acid, Seaweed Extract, Fish Protein, Chitosan, EDDHA Fe 6%, EDTA and Fulvic Acid Agriculture Organic Fertilizers\/Animal Feed Manufacturer and Export Supplier in China\"},\"image\":{\"@id\":\"https:\/\/www.ihumico.com\/#\/schema\/logo\/image\/\"}}]}<\/script>\n<!-- \/ Yoast SEO plugin. -->","yoast_head_json":{"title":"Privacy Policy - Potassium Humate, Potassium Fulvate, Sodium Humate, Humic Acid, Humic Amino Shiny Balls, Amino Acid, Seaweed Extract, Fish Protein, Chitosan, EDDHA Fe 6%, EDTA and Fulvic Acid Agriculture Organic Fertilizers\/Animal Feed Manufacturer and Export Supplier in China","robots":{"index":"index","follow":"follow","max-snippet":"max-snippet:-1","max-image-preview":"max-image-preview:large","max-video-preview":"max-video-preview:-1"},"canonical":"https:\/\/www.ihumico.com\/vi\/chinh-sach-bao-mat\/","og_locale":"vi_VN","og_type":"article","og_title":"Privacy Policy - Potassium Humate, Potassium Fulvate, Sodium Humate, Humic Acid, Humic Amino Shiny Balls, Amino Acid, Seaweed Extract, Fish Protein, Chitosan, EDDHA Fe 6%, EDTA and Fulvic Acid Agriculture Organic Fertilizers\/Animal Feed Manufacturer and Export Supplier in China","og_description":"Privacy Policy Privacy matters. We know that data privacy is a top issue today, and we want you to enjoy your interaction with us whilst knowing that we value your Personal Data and that we protect it. Here you will find an overview of how we process your Personal Data, the purposes for which we [&hellip;]","og_url":"https:\/\/www.ihumico.com\/vi\/chinh-sach-bao-mat\/","og_site_name":"Potassium Humate, Potassium Fulvate, Sodium Humate, Humic Acid, Humic Amino Shiny Balls, Amino Acid, Seaweed Extract, Fish Protein, Chitosan, EDDHA Fe 6%, EDTA and Fulvic Acid Agriculture Organic Fertilizers\/Animal Feed Manufacturer and Export Supplier in China","article_modified_time":"2023-12-26T09:42:09+00:00","twitter_card":"summary_large_image","twitter_misc":{"\u01af\u1edbc t\u00ednh th\u1eddi gian \u0111\u1ecdc":"3 ph\u00fat"},"schema":{"@context":"https:\/\/schema.org","@graph":[{"@type":"WebPage","@id":"https:\/\/www.ihumico.com\/privacy-policy\/","url":"https:\/\/www.ihumico.com\/privacy-policy\/","name":"Privacy Policy - Potassium Humate, Potassium Fulvate, Sodium Humate, Humic Acid, Humic Amino Shiny Balls, Amino Acid, Seaweed Extract, Fish Protein, Chitosan, EDDHA Fe 6%, EDTA and Fulvic Acid Agriculture Organic Fertilizers\/Animal Feed Manufacturer and Export Supplier in China","isPartOf":{"@id":"https:\/\/www.ihumico.com\/#website"},"datePublished":"2023-10-09T08:03:25+00:00","dateModified":"2023-12-26T09:42:09+00:00","breadcrumb":{"@id":"https:\/\/www.ihumico.com\/privacy-policy\/#breadcrumb"},"inLanguage":"vi","potentialAction":[{"@type":"ReadAction","target":["https:\/\/www.ihumico.com\/privacy-policy\/"]}]},{"@type":"BreadcrumbList","@id":"https:\/\/www.ihumico.com\/privacy-policy\/#breadcrumb","itemListElement":[{"@type":"ListItem","position":1,"name":"Home","item":"https:\/\/www.ihumico.com\/"},{"@type":"ListItem","position":2,"name":"Privacy Policy"}]},{"@type":"WebSite","@id":"https:\/\/www.ihumico.com\/#website","url":"https:\/\/www.ihumico.com\/","name":"Potassium Humate, Potassium Fulvate, Sodium Humate, Humic Acid, Humic Amino Shiny Balls, Amino Acid, Seaweed Extract, Fish Protein, Chitosan, EDDHA Fe 6%, EDTA and Fulvic Acid Agriculture Organic Fertilizers\/Animal Feed Manufacturer and Export Supplier in China","description":"","publisher":{"@id":"https:\/\/www.ihumico.com\/#organization"},"potentialAction":[{"@type":"SearchAction","target":{"@type":"EntryPoint","urlTemplate":"https:\/\/www.ihumico.com\/?s={search_term_string}"},"query-input":{"@type":"PropertyValueSpecification","valueRequired":true,"valueName":"search_term_string"}}],"inLanguage":"vi"},{"@type":"Organization","@id":"https:\/\/www.ihumico.com\/#organization","name":"Potassium Humate, Potassium Fulvate, Sodium Humate, Humic Acid, Humic Amino Shiny Balls, Amino Acid, Seaweed Extract, Fish Protein, Chitosan, EDDHA Fe 6%, EDTA and Fulvic Acid Agriculture Organic Fertilizers\/Animal Feed Manufacturer and Export Supplier in China","url":"https:\/\/www.ihumico.com\/","logo":{"@type":"ImageObject","inLanguage":"vi","@id":"https:\/\/www.ihumico.com\/#\/schema\/logo\/image\/","url":"https:\/\/www.ihumico.com\/wp-content\/uploads\/2023\/12\/logo-2.png","contentUrl":"https:\/\/www.ihumico.com\/wp-content\/uploads\/2023\/12\/logo-2.png","width":800,"height":324,"caption":"Potassium Humate, Potassium Fulvate, Sodium Humate, Humic Acid, Humic Amino Shiny Balls, Amino Acid, Seaweed Extract, Fish Protein, Chitosan, EDDHA Fe 6%, EDTA and Fulvic Acid Agriculture Organic Fertilizers\/Animal Feed Manufacturer and Export Supplier in China"},"image":{"@id":"https:\/\/www.ihumico.com\/#\/schema\/logo\/image\/"}}]}},"_links":{"self":[{"href":"https:\/\/www.ihumico.com\/vi\/wp-json\/wp\/v2\/pages\/3","targetHints":{"allow":["GET"]}}],"collection":[{"href":"https:\/\/www.ihumico.com\/vi\/wp-json\/wp\/v2\/pages"}],"about":[{"href":"https:\/\/www.ihumico.com\/vi\/wp-json\/wp\/v2\/types\/page"}],"author":[{"embeddable":true,"href":"https:\/\/www.ihumico.com\/vi\/wp-json\/wp\/v2\/users\/1"}],"replies":[{"embeddable":true,"href":"https:\/\/www.ihumico.com\/vi\/wp-json\/wp\/v2\/comments?post=3"}],"version-history":[{"count":3,"href":"https:\/\/www.ihumico.com\/vi\/wp-json\/wp\/v2\/pages\/3\/revisions"}],"predecessor-version":[{"id":1736,"href":"https:\/\/www.ihumico.com\/vi\/wp-json\/wp\/v2\/pages\/3\/revisions\/1736"}],"wp:attachment":[{"href":"https:\/\/www.ihumico.com\/vi\/wp-json\/wp\/v2\/media?parent=3"}],"curies":[{"name":"wp","href":"https:\/\/api.w.org\/{rel}","templated":true}]}}